{"id":1382,"date":"2024-09-01T11:38:06","date_gmt":"2024-09-01T11:38:06","guid":{"rendered":"https:\/\/mynaturalhair.de\/?page_id=1382"},"modified":"2024-09-01T11:39:53","modified_gmt":"2024-09-01T11:39:53","slug":"datenschutz","status":"publish","type":"page","link":"https:\/\/mynaturalhair.de\/?page_id=1382","title":{"rendered":"Datenschutz"},"content":{"rendered":"<h6><strong>Datenschutzerkl\u00e4rung<\/strong><\/h6>\n<p>1. Gegenstand dieser Datenschutzerkl\u00e4rung<\/p>\n<p>Wir freuen uns \u00fcber Ihr Interesse an unserem Internetauftritt und unseren Angeboten auf unserer Webseite.<\/p>\n<p>Der Schutz Ihrer personenbezogenen Daten (im Folgenden kurz \u201eDaten\u201c) ist uns ein gro\u00dfes und sehr wichtiges Anliegen. Nachfolgend m\u00f6chten wir Sie daher ausf\u00fchrlich dar\u00fcber informieren, welche Daten bei Ihrem Besuch unseres Internetauftritts und Nutzung unserer dortigen Angebote erhoben und wie diese von uns im Folgenden verarbeitet werden. Dar\u00fcber hinaus m\u00f6chten wir Sie \u00fcber die Ihnen zustehenden Rechte und die von uns getroffenen technischen und organisatorischen Schutzma\u00dfnahmen bez\u00fcglich der Verarbeitung Ihrer Daten informieren.<\/p>\n<p>2. Name und Anschrift des f\u00fcr die Datenverarbeitung Verantwortlichen und Diensteanbieters<\/p>\n<p>Verantwortlicher im Sinne der Datenschutz-Grundverordnung (DSGVO) und zugleich Diensteanbieter im Sinne des Telemediengesetzes (TMG) ist<\/p>\n<p>Philipp Herold<\/p>\n<p>Nordring 130<\/p>\n<p>90409 N\u00fcrnberg<\/p>\n<p>(im Folgenden auch nur kurz \u201ewir\u201c), vgl. dazu unser Impressum.<\/p>\n<p>Fragen oder Anmerkungen zu dieser Datenschutzerkl\u00e4rung oder allgemein zum Datenschutz richten Sie bitte an folgende E-Mail-Adresse: info@beleza-bar.de.<\/p>\n<p>Unseren Datenschutzbeauftragten k\u00f6nnen sie wie folgt kontaktieren: philipp@beleza-bar.de.<\/p>\n<p>3. Erhebung und Verwendung Ihrer Daten<\/p>\n<p>Umfang und Art der Erhebung und Verwendung Ihrer Daten unterscheiden sich danach, ob Sie unseren Internetauftritt nur zum Abruf von Informationen besuchen oder ob Sie Angebote auf unserer Webseite nutzen, die die Angabe weiterer Daten \u00fcber Sie erfordern, zum Beispiel bei Nutzung unseres Kontaktformulars:<\/p>\n<p>3.1 Informatorische Nutzung<\/p>\n<p>F\u00fcr die nur informatorische Nutzung unseres Internetauftritts ist es grunds\u00e4tzlich nicht erforderlich, dass Sie personenbezogene Daten angeben.<\/p>\n<p>Vielmehr erheben und verwenden wir in diesem Fall nur diejenigen Ihrer Daten, die uns Ihr Internetbrowser automatisch \u00fcbermittelt, wie etwa:<\/p>\n<p>-Datum und Uhrzeit des Abrufs einer unserer Internetseiten<\/p>\n<p>-Ihren Browsertyp<\/p>\n<p>-die Browser-Einstellungen<\/p>\n<p>-das verwendete Betriebssystem<\/p>\n<p>-die von Ihnen zuletzt besuchte Seite<\/p>\n<p>-die \u00fcbertragene Datenmenge und der Zugriffsstatus (Datei \u00fcbertragen, Datei nicht gefunden etc.) sowie<\/p>\n<p>\u2013Ihre IP-Adresse.<\/p>\n<p>Diese Daten erheben und verwenden wir bei einem informatorischen Besuch ausschlie\u00dflich in nicht-personenbezogener Form. Dies erfolgt, um die Nutzung der von Ihnen abgerufenen Internetseiten \u00fcberhaupt zu erm\u00f6glichen und um kontrollieren zu k\u00f6nnen, ob Ihnen unsere Webseiten optimal angezeigt werden.<\/p>\n<p>Wir verwenden die IP-Adresse nur f\u00fcr die Dauer Ihres Besuchs und speichern die Daten zu Zwecken der Protokollierung ausschlie\u00dflich in anonymisierter Form, indem wir die IP-Adresse so k\u00fcrzen, dass eine Zuordnung nicht mehr m\u00f6glich ist.<\/p>\n<p>Die Verarbeitung erfolgt auf der Rechtsgrundlage des Art. 6 Abs. 1 Satz 1 lit. f) DSGVO (Interessenabw\u00e4gung) und in unserem Interesse, um Ihnen unsere Webseite zuverl\u00e4ssig und m\u00f6glichst st\u00f6rungsfrei anzeigen zu k\u00f6nnen.<\/p>\n<p>3.2 Nutzung des Kontaktformulars<\/p>\n<p>Wenn Sie mit uns \u00fcber das auf unserer Webseite zur Verf\u00fcgung gestellte Kontaktformular in Verbindung treten m\u00f6chten, erheben wir von Ihnen folgende Daten:<\/p>\n<p>-Anrede<\/p>\n<p>-Name<\/p>\n<p>-E-Mail<\/p>\n<p>-Adresse<\/p>\n<p>-Ihre Nachricht an uns<\/p>\n<p>Wir verwenden diese Daten, um auf Ihre Anfrage antworten zu k\u00f6nnen.<\/p>\n<p>Soweit sich Ihre Anfrage auf ein bestehendes Vertragsverh\u00e4ltnis mit Ihnen bezieht oder Sie an einem Vertragsabschluss, zum Beispiel dem Kauf eines unserer Produkte, interessiert sind, erfolgt die Datenverarbeitung auf der Rechtsgrundlage des Art. 6 Abs. 1 Satz 1 lit. b) DSGVO (Vertragsanbahnung und Vertragserf\u00fcllung).<\/p>\n<p>Andernfalls erfolgt die Datenverarbeitung auf der Rechtsgrundlage des Art. 6 Abs. 1 Satz 1 lit. f) DSGVO (Interessenabw\u00e4gung) und in unserem Interesse, um Ihre Anfrage mit den f\u00fcr Sie relevanten Informationen beantworten zu k\u00f6nnen.<\/p>\n<p>Die \u00fcber das Kontaktformular erfassten Daten und die Kommunikation zur Beantwortung Ihrer Anfrage speichern wir f\u00fcr 6 Monate.<\/p>\n<p>4. Einsatz von Cookies<\/p>\n<p>4.1 Welche Cookies setzen wir ein?<\/p>\n<p>F\u00fcr unseren Internetauftritt nutzen wir die Technik der Cookies. Cookies sind kleine Textdateien, die im Rahmen Ihres Besuchs unserer Internetseiten von unserem Webserver an Ihren Browser gesandt und von diesem auf Ihrem Endger\u00e4t f\u00fcr einen sp\u00e4teren Abruf vorgehalten werden.<\/p>\n<p>Auf unseren Webseiten verwenden wir folgende Cookies:<\/p>\n<p><em>-[PHPSESSID]<\/em><\/p>\n<p>Funktion: Identifizierung Ihrer Sitzung am Server. Es enth\u00e4lt eine alphanumerische Zeichenfolge. Dieses Cookie wird bis zum Ende Ihrer Sitzung gespeichert und ist ein sog. Erstanbietercookie, also ein Cookie, welches von unserer Webseite aus gesteuert wird.<\/p>\n<p><em>-[cookie_consent]<\/em><\/p>\n<p>Funktion: Speichert Ihre Antwort auf die Frage, ob Sie mit der Nutzung von Cookies auf dieser Website einverstanden sind. Es enth\u00e4lt die Ziffern 0 oder 1 (Nein bzw. Ja). Das Cookie wird f\u00fcr ein Jahr gespeichert und ist ein sog. Erstanbietercookie, also ein Cookie, welches von unserer Webseite aus gesteuert wird.<\/p>\n<p>-[_ga]<\/p>\n<p>Funktion: Dieses Cookie ist Bestandteil von Google Analytics (siehe unten) und wird dazu verwendet, einen Benutzer zu identifizieren. Es enth\u00e4lt eine Ziffernfolge und wird f\u00fcr zwei Jahre gespeichert. Das Cookie ist ein sog. Erstanbietercookie, also ein Cookie, welches von unserer Webseite aus gesteuert wird.<\/p>\n<p>-[_gat]<\/p>\n<p>Funktion: Dieses Cookie ist Bestandteil von Google Analytics (siehe unten) und wird dazu verwendet, die Abfragerate der Webseitennutzung zu steuern. Es enth\u00e4lt typischerweise eine Zahl und wird f\u00fcr 10 Minuten gespeichert. Das Cookie ist ein sog. Erstanbietercookie, also ein Cookie, welches von unserer Webseite aus gesteuert wird.<\/p>\n<p>4.2 Deaktivieren von Cookies<\/p>\n<p>Ob Cookies gesetzt und abgerufen werden k\u00f6nnen, k\u00f6nnen Sie durch die Einstellungen in Ihrem Browser selbst bestimmen. Sie k\u00f6nnen in Ihrem Browser etwa das Speichern von Cookies g\u00e4nzlich deaktivieren, es auf bestimmte Webseiten beschr\u00e4nken oder Ihren Browser so konfigurieren, dass er Sie automatisch benachrichtigt, sobald ein Cookie gesetzt werden soll und Sie um R\u00fcckmeldung dazu bittet. Sie k\u00f6nnen einzelne Cookies blockieren oder l\u00f6schen. Dies kann aus technischen Gr\u00fcnden jedoch dazu f\u00fchren, dass einige Funktionen unseres Internetauftritts beeintr\u00e4chtigt sind und nicht mehr vollst\u00e4ndig funktionieren.<\/p>\n<p>5. Einsatz von Google Analytics<\/p>\n<p>Uns ist es wichtig, unsere Internetseiten m\u00f6glichst optimal auszugestalten und damit f\u00fcr unsere Besucher attraktiv zu machen. Dazu ist es n\u00f6tig, dass wir wissen, welche Teile davon wie bei unseren Besuchern ankommen.<\/p>\n<p>Diese Webseite benutzt Google Analytics, einen Webanalysedienst der Google LLC, 1600 Amphitheatre Parkway, Mountain View, CA 94043, USA (\u201eGoogle\u201c).<\/p>\n<p>Google Analytics verwendet ebenfalls Cookies, also Textdateien, die auf Ihrem Computer gespeichert werden und die eine Analyse der Benutzung der Webseite durch Sie erm\u00f6glichen. Die durch den Cookie erzeugten Informationen \u00fcber Ihre Benutzung dieser Webseite werden in der Regel an einen Server von Google in den USA \u00fcbertragen und dort gespeichert.<\/p>\n<p>Auf unserer Webseite wurde die IP-Anonymisierung aktiviert, so dass Ihre IP-Adresse von Google innerhalb von Mitgliedstaaten der Europ\u00e4ischen Union oder in anderen Vertragsstaaten des Abkommens \u00fcber den Europ\u00e4ischen Wirtschaftsraum zuvor gek\u00fcrzt wird. Nur in Ausnahmef\u00e4llen wird die volle IP-Adresse an einen Server von Google in den USA \u00fcbertragen und dort gek\u00fcrzt.<\/p>\n<p>In unserem Auftrag wird Google diese Informationen benutzen, um Ihre Nutzung der Webseite auszuwerten, um Reports \u00fcber die Webseitenaktivit\u00e4ten zusammenzustellen und um weitere mit der Webseitennutzung und der Internetnutzung verbundene Dienstleistungen gegen\u00fcber uns als Webseitenbetreiber zu erbringen. Die im Rahmen von Google Analytics von Ihrem Browser \u00fcbermittelte IP-Adresse wird nicht mit anderen Daten von Google zusammengef\u00fchrt.<\/p>\n<p>Eine Speicherung der Google Analytics Cookies und damit auch ein Tracking Ihres Nutzungsverhaltens erfolgt nur, soweit Sie zuvor in dieses Tracking eingewilligt haben.<\/p>\n<p>Sie k\u00f6nnen die Speicherung der Cookies auch durch eine entsprechende Einstellung Ihrer Browsersoftware verhindern; wir weisen Sie jedoch darauf hin, dass Sie in diesem Fall ggf. nicht s\u00e4mtliche Funktionen dieser Webseite vollumf\u00e4nglich werden nutzen k\u00f6nnen.<\/p>\n<p>Dar\u00fcber hinaus k\u00f6nnen Sie die Erfassung der durch das Cookie erzeugten und auf Ihre Nutzung der Webseite bezogenen Daten (inkl. Ihrer IP-Adresse) an Google sowie die Verarbeitung dieser Daten durch Google verhindern, indem Sie das unter dem folgenden Link verf\u00fcgbare Browser-Plugin herunterladen und installieren: aktuell\u00a0<a href=\"https:\/\/tools.google.com\/dlpage\/gaoptout?hl=de\">https:\/\/tools.google.com\/dlpage\/gaoptout?hl=de<\/a>.<\/p>\n<p>Die Datenschutzerkl\u00e4rung von Google finden Sie hier:\u00a0<a href=\"https:\/\/www.google.com\/policies\/privacy\/partners\/?hl=de\">https:\/\/www.google.com\/policies\/privacy\/partners\/?hl=de<\/a>.<\/p>\n<p>Die Verarbeitung Ihrer Daten mittels Google Analytics erfolgt auf der Rechtsgrundlage des Art. 6 Abs. 1 Satz 1 lit. a) DSGVO in Verbindung mit der von Ihnen erteilten Einwilligung.<\/p>\n<p>Ihre im Rahmen von Google Analytics anfallenden Daten werden nach 6 Monaten gel\u00f6scht.<\/p>\n<p>6. Youtube<\/p>\n<p>In unserem Internetauftritt setzen wir YouTube ein. Hierbei handelt es sich um ein Videoportal der YouTube LLC., 901 Cherry Ave., 94066 San Bruno, CA, USA, nachfolgend nur \u201eYouTube\u201c genannt.<br \/>YouTube ist ein Tochterunternehmen der Google LLC., 1600 Amphitheatre Parkway, Mountain View, CA 94043 USA, nachfolgend nur \u201eGoogle\u201c genannt.<br \/>Durch die Zertifizierung nach dem EU-US-Datenschutzschild (\u201eEU-US Privacy Shield\u201c)<br \/>https:\/\/www.privacyshield.gov\/participant?id=a2zt000000001L5AAI&amp;status=Active<br \/>garantiert Google und damit auch das Tochterunternehmen YouTube, dass die Datenschutzvorgaben der EU auch bei der Verarbeitung von Daten in den USA eingehalten werden.<br \/>Wir nutzen YouTube im Zusammenhang mit der Funktion \u201eErweiterter Datenschutzmodus\u201c, um Ihnen Videos anzeigen zu k\u00f6nnen. Rechtsgrundlage ist Art. 6 Abs. 1 lit. f) DSGVO. Unser berechtigtes Interesse liegt in der Qualit\u00e4tsverbesserung unseres Internetauftritts. Die Funktion \u201eErweiterter Datenschutzmodus\u201c bewirkt laut Angaben von YouTube, dass die nachfolgend noch n\u00e4her bezeichneten Daten nur dann an den Server von YouTube \u00fcbermittelt werden, wenn Sie ein Video auch tats\u00e4chlich starten.<br \/>Ohne diesen \u201eErweiterten Datenschutz\u201c wird eine Verbindung zum Server von YouTube in den USA hergestellt, sobald Sie eine unserer Internetseiten, auf der ein YouTube-Video eingebettet ist, aufrufen.<br \/>Diese Verbindung ist erforderlich, um das jeweilige Video auf unserer Internetseite \u00fcber Ihren Internet-Browser darstellen zu k\u00f6nnen. Im Zuge dessen wird YouTube zumindest Ihre IP-Adresse, das Datum nebst Uhrzeit sowie die von Ihnen besuchte Internetseite erfassen und verarbeiten. Zudem wird eine Verbindung zu dem Werbenetzwerk \u201eDoubleClick\u201c von Google hergestellt.<br \/>Sollten Sie gleichzeitig bei YouTube eingeloggt sein, weist YouTube die Verbindungsinformationen Ihrem YouTube-Konto zu. Wenn Sie das verhindern m\u00f6chten, m\u00fcssen Sie sich entweder vor dem Besuch unseres Internetauftritts bei YouTube ausloggen oder die entsprechenden Einstellungen in Ihrem YouTube-Benutzerkonto vornehmen.<br \/>Zum Zwecke der Funktionalit\u00e4t sowie zur Analyse des Nutzungsverhaltens speichert YouTube dauerhaft Cookies \u00fcber Ihren Internet-Browser auf Ihrem Endger\u00e4t. Falls Sie mit dieser Verarbeitung nicht einverstanden sind, haben Sie die M\u00f6glichkeit, die Speicherung der Cookies durch eine Einstellung in Ihrem Internet-Browsers zu verhindern. N\u00e4here Informationen hierzu finden Sie vorstehend unter \u201eCookies\u201c.<\/p>\n<p>7. Einschaltung von Dienstleistern und Weitergabe an Dritte<\/p>\n<p>Ihre Daten werden zur Bereitstellung dieser Webseite und zu den vorgenannten Zwecken gegebenenfalls an uns unterst\u00fctzende technische Dienstleister (zum Beispiel Webseitenhosting, -betreuung, Qualit\u00e4tssicherung oder Mailingdienst) weitergegeben, die wir selbstverst\u00e4ndlich sorgf\u00e4ltig ausgew\u00e4hlt und schriftlich beauftragt haben.<\/p>\n<p>Diese Dienstleister sind an unsere Weisungen gebunden und werden von uns regelm\u00e4\u00dfig kontrolliert.<\/p>\n<p>Die Weitergabe Ihrer Daten an andere Dritte erfolgt ansonsten nur, soweit in dieser Datenschutzerkl\u00e4rung ausdr\u00fccklich darauf hingewiesen wird oder wir dazu gesetzlich verpflichtet sind.<\/p>\n<p>8. Ihre Rechte<\/p>\n<p>Soweit jeweils die gesetzlichen Voraussetzungen vorliegen, haben Sie folgende Rechte:<\/p>\n<p>Sie haben das Recht, von uns eine Best\u00e4tigung dar\u00fcber zu verlangen, ob Sie betreffende personenbezogene Daten verarbeitet werden; ist dies der Fall, so haben Sie ein\u00a0<strong>Recht auf Auskunft<\/strong>\u00a0\u00fcber diese personenbezogenen Daten und die in Art. 15 DSGVO im Einzelnen aufgef\u00fchrten Informationen.<\/p>\n<p>Sie haben das Recht, von uns unverz\u00fcglich die\u00a0<strong>Berichtigung<\/strong>\u00a0Sie betreffender unrichtiger personenbezogener Daten und ggf. die\u00a0<strong>Vervollst\u00e4ndigung<\/strong>\u00a0unvollst\u00e4ndiger personenbezogener Daten zu verlangen (Art. 16 DSGVO).<\/p>\n<p>Sie haben das Recht, von uns zu verlangen, dass Sie betreffende personenbezogene Daten unverz\u00fcglich gel\u00f6scht werden, sofern einer der in Art. 17 DSGVO im Einzelnen aufgef\u00fchrten Gr\u00fcnde zutrifft, zum Beispiel wenn die Daten f\u00fcr die verfolgten Zwecke nicht mehr ben\u00f6tigt werden (<strong>Recht auf L\u00f6schung<\/strong>).<\/p>\n<p>Sie haben das Recht, von uns die\u00a0<strong>Einschr\u00e4nkung der Verarbeitung<\/strong>\u00a0zu verlangen, wenn eine der in Art. 18 DSGVO aufgef\u00fchrten Voraussetzungen gegeben ist, zum Beispiel wenn Sie Widerspruch gegen die Verarbeitung eingelegt haben, f\u00fcr die Dauer der Pr\u00fcfung durch uns.<\/p>\n<p>Sie haben das Recht, gegen Verarbeitungen Sie betreffender personenbezogener Daten, die zu Zwecken der Direktwerbung erfolgen, jederzeit\u00a0<strong>Widerspruch<\/strong>\u00a0einzulegen. Gegen Verarbeitungen, die aufgrund von Art. 6 Abs. 1 Satz 1 lit. e) oder f) DSGVO erfolgen, haben Sie ebenfalls das Recht, aus Gr\u00fcnden, die sich aus ihrer besonderen Situation ergeben, jederzeit\u00a0<strong>Widerspruch<\/strong>\u00a0einzulegen (Art. 21 DSGVO). Einen erg\u00e4nzenden Hinweis zum Widerspruchsrecht finden Sie am Ende dieser Datenschutzerkl\u00e4rung.<\/p>\n<p>Sie haben das Recht, eine von Ihnen uns gegen\u00fcber erteilte Einwilligung jederzeit mit Wirkung f\u00fcr die Zukunft zu widerrufen (<strong>Widerrufsrecht<\/strong>).<\/p>\n<p>Sie haben das Recht, die Sie betreffenden Daten, die Sie uns bereitgestellt haben, in einem strukturierten, g\u00e4ngigen und maschinenlesbaren Format von uns zu erhalten. Sie k\u00f6nnen diese Daten auch an andere Stellen \u00fcbermitteln oder durch uns \u00fcbermitteln lassen (<strong>Recht auf Daten\u00fcbertragbarkeit<\/strong>).<\/p>\n<p>Bitte wenden Sie sich zur Aus\u00fcbung Ihrer Rechte an: Philipp Herold.<\/p>\n<p>Sie haben unbeschadet eines anderweitigen verwaltungsrechtlichen oder gerichtlichen Rechtsbehelfs das\u00a0<strong>Recht auf Beschwerde bei einer Aufsichtsbeh\u00f6rde<\/strong>, wenn Sie der Ansicht sind, dass die Verarbeitung der Sie betreffenden personenbezogenen Daten gegen die DSGVO verst\u00f6\u00dft (Art. 77 DSGVO).<\/p>\n<p>Eine Liste der deutschen Aufsichtsbeh\u00f6rden f\u00fcr den Datenschutz und deren Kontaktadressen finden Sie unter:\u00a0<a href=\"https:\/\/www.bfdi.bund.de\/DE\/Infothek\/Anschriften_Links\/anschriften_links-node.html\">https:\/\/www.bfdi.bund.de\/DE\/Infothek\/Anschriften_Links\/anschriften_links-node.html<\/a>.<\/p>\n<p>9. Datensicherheit<\/p>\n<p>Wir setzen zudem technische und organisatorische Sicherheitsma\u00dfnahmen ein, um anfallende oder erhobene personenbezogene Daten zu sch\u00fctzen, insbesondere gegen zuf\u00e4llige oder vors\u00e4tzliche Manipulation, Verlust, Zerst\u00f6rung oder gegen den Angriff unberechtigter Personen. Unsere Sicherheitsma\u00dfnahmen werden entsprechend der technologischen Entwicklung fortlaufend verbessert.<\/p>\n<p>10. Hinweis zum Widerspruchsrecht:<\/p>\n<p>Sie haben das Recht, gegen Verarbeitungen Sie betreffender personenbezogener Daten, die zu Zwecken der Direktwerbung erfolgen, jederzeit Widerspruch einzulegen. Gegen Verarbeitungen, die aufgrund von Art. 6 Abs. 1 Satz 1 lit. e) oder f) DSGVO erfolgen, haben Sie ebenfalls das Recht, aus Gr\u00fcnden, die sich aus Ihrer besonderen Situation ergeben, jederzeit Widerspruch einzulegen (Art. 21 DSGVO).<\/p>\n<p>Wir verarbeiten die personenbezogenen Daten dann nicht mehr zu Zwecken der Direktwerbung und im \u00dcbrigen nur, wenn wir zwingende schutzw\u00fcrdige Gr\u00fcnde f\u00fcr die Verarbeitung nachweisen k\u00f6nnen, die Ihre Interessen, Rechte und Freiheiten \u00fcberwiegen, oder die Verarbeitung der Geltendmachung, Aus\u00fcbung oder Verteidigung von Rechtsanspr\u00fcchen dient.<\/p>\n","protected":false},"excerpt":{"rendered":"<p>Datenschutzerkl\u00e4rung 1. Gegenstand dieser Datenschutzerkl\u00e4rung Wir freuen uns \u00fcber Ihr Interesse an unserem Internetauftritt und unseren Angeboten auf unserer Webseite. Der Schutz Ihrer personenbezogenen Daten (im Folgenden kurz \u201eDaten\u201c) ist uns ein gro\u00dfes und sehr wichtiges Anliegen. Nachfolgend m\u00f6chten wir Sie daher ausf\u00fchrlich dar\u00fcber informieren, welche Daten bei Ihrem Besuch unseres Internetauftritts und Nutzung unserer [&hellip;]<\/p>\n","protected":false},"author":1,"featured_media":0,"parent":0,"menu_order":0,"comment_status":"closed","ping_status":"closed","template":"","meta":{"om_disable_all_campaigns":false,"_monsterinsights_skip_tracking":false,"_monsterinsights_sitenote_active":false,"_monsterinsights_sitenote_note":"","_monsterinsights_sitenote_category":0,"_uf_show_specific_survey":0,"_uf_disable_surveys":false,"footnotes":""},"class_list":["post-1382","page","type-page","status-publish","hentry"],"aioseo_notices":[],"_links":{"self":[{"href":"https:\/\/mynaturalhair.de\/index.php?rest_route=\/wp\/v2\/pages\/1382"}],"collection":[{"href":"https:\/\/mynaturalhair.de\/index.php?rest_route=\/wp\/v2\/pages"}],"about":[{"href":"https:\/\/mynaturalhair.de\/index.php?rest_route=\/wp\/v2\/types\/page"}],"author":[{"embeddable":true,"href":"https:\/\/mynaturalhair.de\/index.php?rest_route=\/wp\/v2\/users\/1"}],"replies":[{"embeddable":true,"href":"https:\/\/mynaturalhair.de\/index.php?rest_route=%2Fwp%2Fv2%2Fcomments&post=1382"}],"version-history":[{"count":5,"href":"https:\/\/mynaturalhair.de\/index.php?rest_route=\/wp\/v2\/pages\/1382\/revisions"}],"predecessor-version":[{"id":1402,"href":"https:\/\/mynaturalhair.de\/index.php?rest_route=\/wp\/v2\/pages\/1382\/revisions\/1402"}],"wp:attachment":[{"href":"https:\/\/mynaturalhair.de\/index.php?rest_route=%2Fwp%2Fv2%2Fmedia&parent=1382"}],"curies":[{"name":"wp","href":"https:\/\/api.w.org\/{rel}","templated":true}]}}