{"id":1023,"date":"2024-06-23T22:37:26","date_gmt":"2024-06-23T22:37:26","guid":{"rendered":"http:\/\/mynaturalhair.de\/?page_id=1023"},"modified":"2024-06-24T10:01:11","modified_gmt":"2024-06-24T10:01:11","slug":"artikel","status":"publish","type":"page","link":"https:\/\/mynaturalhair.de\/?page_id=1023","title":{"rendered":"Artikel"},"content":{"rendered":"\t\t<div data-elementor-type=\"wp-page\" data-elementor-id=\"1023\" class=\"elementor elementor-1023\" data-elementor-post-type=\"page\">\n\t\t\t\t<div class=\"elementor-element elementor-element-42683fa elementor-hidden-tablet elementor-hidden-mobile e-flex e-con-boxed e-con e-parent\" data-id=\"42683fa\" data-element_type=\"container\">\n\t\t\t\t\t<div class=\"e-con-inner\">\n\t\t\t\t<div class=\"elementor-element elementor-element-db2bb6b elementor-widget elementor-widget-heading\" data-id=\"db2bb6b\" data-element_type=\"widget\" data-widget_type=\"heading.default\">\n\t\t\t\t<div class=\"elementor-widget-container\">\n\t\t\t<style>\/*! elementor - v3.22.0 - 24-06-2024 *\/\n.elementor-heading-title{padding:0;margin:0;line-height:1}.elementor-widget-heading .elementor-heading-title[class*=elementor-size-]>a{color:inherit;font-size:inherit;line-height:inherit}.elementor-widget-heading .elementor-heading-title.elementor-size-small{font-size:15px}.elementor-widget-heading .elementor-heading-title.elementor-size-medium{font-size:19px}.elementor-widget-heading .elementor-heading-title.elementor-size-large{font-size:29px}.elementor-widget-heading .elementor-heading-title.elementor-size-xl{font-size:39px}.elementor-widget-heading .elementor-heading-title.elementor-size-xxl{font-size:59px}<\/style><h2 class=\"elementor-heading-title elementor-size-default\">Saphir FUE Transplantationsmethode\n<\/h2>\t\t<\/div>\n\t\t\t\t<\/div>\n\t\t\t\t<div class=\"elementor-element elementor-element-30067a8 elementor-widget elementor-widget-text-editor\" data-id=\"30067a8\" data-element_type=\"widget\" data-widget_type=\"text-editor.default\">\n\t\t\t\t<div class=\"elementor-widget-container\">\n\t\t\t<style>\/*! elementor - v3.22.0 - 24-06-2024 *\/\n.elementor-widget-text-editor.elementor-drop-cap-view-stacked .elementor-drop-cap{background-color:#69727d;color:#fff}.elementor-widget-text-editor.elementor-drop-cap-view-framed .elementor-drop-cap{color:#69727d;border:3px solid;background-color:transparent}.elementor-widget-text-editor:not(.elementor-drop-cap-view-default) .elementor-drop-cap{margin-top:8px}.elementor-widget-text-editor:not(.elementor-drop-cap-view-default) .elementor-drop-cap-letter{width:1em;height:1em}.elementor-widget-text-editor .elementor-drop-cap{float:left;text-align:center;line-height:1;font-size:50px}.elementor-widget-text-editor .elementor-drop-cap-letter{display:inline-block}<\/style>\t\t\t\t<p>Die FUE-Methode (<strong>F<\/strong>ollicular <strong>U<\/strong>nit <strong>E<\/strong>xtraction) ist eine moderne, minimalinvasive Technik zur Haartransplantation, die hervorragende und nat\u00fcrliche Ergebnisse bietet. Durch die Entnahme einzelner Haarfollikel aus dem Spenderbereich am Hinterkopf und deren Einpflanzung in den Empf\u00e4ngerbereich wird Haarausfall effektiv behandelt.<\/p><p><strong>Vorbereitung<\/strong><\/p><p>Nach einem ausf\u00fchrlichen Beratungsgespr\u00e4ch erfolgt die pr\u00e4zise Planung und Einzeichnung des Behandlungsareals. Der Spenderbereich wird f\u00fcr die Entnahme der Grafts vorbereitet.<\/p><p><strong>Entnahme der Haarwurzeln<\/strong><\/p><p>Die Haarwurzeln werden mit der FUE-Methode aus dem Spenderbereich entnommen und in einer speziellen N\u00e4hrstoffl\u00f6sung zwischengelagert. Diese Technik gew\u00e4hrleistet eine schonende Entnahme ohne Narbenbildung.<\/p><p><strong>Haartransplantation<\/strong><\/p><p>Die entnommenen Haarwurzeln, auch Grafts genannt, werden in die betroffenen Stellen des Empf\u00e4ngerbereichs eingesetzt. Dies erfolgt mithilfe der bew\u00e4hrten und schonenden Saphir-FUE-Methode, bei der feine Saphir-Klingen winzige Kan\u00e4le in der Kopfhaut \u00f6ffnen, um die Haarfollikel einzusetzen. Diese Technik erm\u00f6glicht h\u00f6chste Haardichten und schnelle Heilung.<\/p><p><strong>Ergebnis<\/strong><\/p><p>Die transplantierten Haarwurzeln wachsen innerhalb von 3-6 Monaten an, sodass Sie schon bald Ihre gewohnte Haarf\u00fclle genie\u00dfen k\u00f6nnen. Regelm\u00e4\u00dfige Kontrolltermine begleiten den Heilungsprozess und sorgen f\u00fcr optimale Ergebnisse.<\/p><p><strong>Vorteile der FUE-Methode<\/strong><\/p><p><strong>&#8211; Sanfte Behandlung<\/strong>: Moderne An\u00e4sthesietechniken sorgen f\u00fcr ein angenehmes und komfortables Erlebnis. Auf Wunsch ist auch eine D\u00e4mmerschlaf-Variante m\u00f6glich.<br \/><strong>&#8211; Nat\u00fcrliches Ergebnis<\/strong>: Durch pr\u00e4zise Ber\u00fccksichtigung der Wuchsrichtung, Dichte und Form des Haaransatzes entsteht ein makelloses, nat\u00fcrliches Aussehen.<br \/><strong>&#8211; Erfahrene Experten<\/strong>: Unser Team verf\u00fcgt \u00fcber mehr als 25 Jahre Erfahrung in der Haartransplantation und bietet h\u00f6chste Expertise und \u00e4sthetisches Know-how.<strong>&#8211; Faire Preise<\/strong>: Wir bieten erstklassige Behandlungen zu fairen Preisen, ohne Kompromisse bei Pr\u00e4zision und Fachwissen einzugehen.<\/p>\t\t\t\t\t\t<\/div>\n\t\t\t\t<\/div>\n\t\t\t\t\t<\/div>\n\t\t\t\t<\/div>\n\t\t<div class=\"elementor-element elementor-element-6ec856c elementor-hidden-tablet elementor-hidden-mobile e-flex e-con-boxed e-con e-parent\" data-id=\"6ec856c\" data-element_type=\"container\">\n\t\t\t\t\t<div class=\"e-con-inner\">\n\t\t\t\t<div class=\"elementor-element elementor-element-3b1b761 elementor-widget elementor-widget-heading\" data-id=\"3b1b761\" data-element_type=\"widget\" data-widget_type=\"heading.default\">\n\t\t\t\t<div class=\"elementor-widget-container\">\n\t\t\t<h2 class=\"elementor-heading-title elementor-size-default\">PRP Behandlung \u2013 F\u00fcr Haarwachstum\n<\/h2>\t\t<\/div>\n\t\t\t\t<\/div>\n\t\t\t\t<div class=\"elementor-element elementor-element-e4e7284 elementor-widget elementor-widget-text-editor\" data-id=\"e4e7284\" data-element_type=\"widget\" data-widget_type=\"text-editor.default\">\n\t\t\t\t<div class=\"elementor-widget-container\">\n\t\t\t\t\t\t\t<p>Die PRP Behandlung (<strong>P<\/strong>lateled <strong>R<\/strong>ich <strong>P<\/strong>lasma &#8211; auf deutsch Pl\u00e4ttchen-Reiches-Plasma) bezeichnet eine <strong>risikoarme<\/strong> <br \/><strong>Methode<\/strong>, die durch Eigenblut \u2013 Plasma -Unterspritzung Ihr Haarwachstum effektiv anregt.<\/p><p><br \/>Das gewonnene Plasma enth\u00e4lt eine erh\u00f6hte Anzahl an Blutpl\u00e4ttchen, die nach der Injektion Wachstumsfaktoren <br \/>freisetzen. Ihre Zellen werden stimuliert und besch\u00e4digte Haarwurzeln repariert. Das beeindruckende Resultat: <br \/><strong>Nat\u00fcrlich dichtes Haar!<\/strong><\/p><p><br \/>Die PRP Behandlung st\u00e4rkt die Haare bei M\u00e4nnern und verleiht Ihnen <strong>nat\u00fcrlich dichtes Haar<\/strong>. Da es sich um eine <strong>Eigenbluttherapie<\/strong> handelt, besteht keinerlei Risiko und Sie m\u00fcssen keine Nebenwirkungen <br \/>bef\u00fcrchten.<\/p><p><br \/>Auch in <strong>Kombination mit einer Haartransplantation<\/strong> sorgt das Verfahren f\u00fcr gest\u00e4rkte Haarfollikel und erh\u00e4lt Ihren <br \/>Haarwuchs!<\/p>\t\t\t\t\t\t<\/div>\n\t\t\t\t<\/div>\n\t\t\t\t\t<\/div>\n\t\t\t\t<\/div>\n\t\t<div class=\"elementor-element elementor-element-b0750e6 elementor-hidden-desktop e-flex e-con-boxed e-con e-parent\" data-id=\"b0750e6\" data-element_type=\"container\">\n\t\t\t\t\t<div class=\"e-con-inner\">\n\t\t\t\t<div class=\"elementor-element elementor-element-b73c56a elementor-widget elementor-widget-heading\" data-id=\"b73c56a\" data-element_type=\"widget\" data-widget_type=\"heading.default\">\n\t\t\t\t<div class=\"elementor-widget-container\">\n\t\t\t<h2 class=\"elementor-heading-title elementor-size-default\">Saphir FUE Transplantationsmethode\n<\/h2>\t\t<\/div>\n\t\t\t\t<\/div>\n\t\t\t\t<div class=\"elementor-element elementor-element-501f70a elementor-widget elementor-widget-text-editor\" data-id=\"501f70a\" data-element_type=\"widget\" data-widget_type=\"text-editor.default\">\n\t\t\t\t<div class=\"elementor-widget-container\">\n\t\t\t\t\t\t\t<p>Die FUE-Methode (<strong>F<\/strong>ollicular <strong>U<\/strong>nit <strong>E<\/strong>xtraction) ist eine moderne, minimalinvasive Technik zur Haartransplantation, die hervorragende und nat\u00fcrliche Ergebnisse bietet. Durch die Entnahme einzelner Haarfollikel aus dem Spenderbereich am Hinterkopf und deren Einpflanzung in den Empf\u00e4ngerbereich wird Haarausfall effektiv behandelt.<\/p><p><strong>Vorbereitung<\/strong><\/p><p>Nach einem ausf\u00fchrlichen Beratungsgespr\u00e4ch erfolgt die pr\u00e4zise Planung und Einzeichnung des Behandlungsareals. Der Spenderbereich wird f\u00fcr die Entnahme der Grafts vorbereitet.<\/p><p><strong>Entnahme der Haarwurzeln<\/strong><\/p><p>Die Haarwurzeln werden mit der FUE-Methode aus dem Spenderbereich entnommen und in einer speziellen N\u00e4hrstoffl\u00f6sung zwischengelagert. Diese Technik gew\u00e4hrleistet eine schonende Entnahme ohne Narbenbildung.<\/p><p><strong>Haartransplantation<\/strong><\/p><p>Die entnommenen Haarwurzeln, auch Grafts genannt, werden in die betroffenen Stellen des Empf\u00e4ngerbereichs eingesetzt. Dies erfolgt mithilfe der bew\u00e4hrten und schonenden Saphir-FUE-Methode, bei der feine Saphir-Klingen winzige Kan\u00e4le in der Kopfhaut \u00f6ffnen, um die Haarfollikel einzusetzen. Diese Technik erm\u00f6glicht h\u00f6chste Haardichten und schnelle Heilung.<\/p><p><strong>Ergebnis<\/strong><\/p><p>Die transplantierten Haarwurzeln wachsen innerhalb von 3-6 Monaten an, sodass Sie schon bald Ihre gewohnte Haarf\u00fclle genie\u00dfen k\u00f6nnen. Regelm\u00e4\u00dfige Kontrolltermine begleiten den Heilungsprozess und sorgen f\u00fcr optimale Ergebnisse.<\/p><p><strong>Vorteile der FUE-Methode<\/strong><\/p><p><strong>&#8211; Sanfte Behandlung<\/strong>: Moderne An\u00e4sthesietechniken sorgen f\u00fcr ein angenehmes und komfortables Erlebnis. Auf Wunsch ist auch eine D\u00e4mmerschlaf-Variante m\u00f6glich.<br \/><strong>&#8211; Nat\u00fcrliches Ergebnis<\/strong>: Durch pr\u00e4zise Ber\u00fccksichtigung der Wuchsrichtung, Dichte und Form des Haaransatzes entsteht ein makelloses, nat\u00fcrliches Aussehen.<br \/><strong>&#8211; Erfahrene Experten<\/strong>: Unser Team verf\u00fcgt \u00fcber mehr als 25 Jahre Erfahrung in der Haartransplantation und bietet h\u00f6chste Expertise und \u00e4sthetisches Know-how.<strong>&#8211; Faire Preise<\/strong>: Wir bieten erstklassige Behandlungen zu fairen Preisen, ohne Kompromisse bei Pr\u00e4zision und Fachwissen einzugehen.<\/p>\t\t\t\t\t\t<\/div>\n\t\t\t\t<\/div>\n\t\t\t\t\t<\/div>\n\t\t\t\t<\/div>\n\t\t<div class=\"elementor-element elementor-element-dbca64d e-con-full elementor-hidden-desktop e-flex e-con e-parent\" data-id=\"dbca64d\" data-element_type=\"container\">\n\t\t\t\t<div class=\"elementor-element elementor-element-26e3061 elementor-widget elementor-widget-heading\" data-id=\"26e3061\" data-element_type=\"widget\" data-widget_type=\"heading.default\">\n\t\t\t\t<div class=\"elementor-widget-container\">\n\t\t\t<h2 class=\"elementor-heading-title elementor-size-default\">PRP Behandlung \u2013 F\u00fcr Haarwachstum\n<\/h2>\t\t<\/div>\n\t\t\t\t<\/div>\n\t\t\t\t<div class=\"elementor-element elementor-element-d56ed65 elementor-widget-mobile__width-inherit elementor-widget elementor-widget-text-editor\" data-id=\"d56ed65\" data-element_type=\"widget\" data-widget_type=\"text-editor.default\">\n\t\t\t\t<div class=\"elementor-widget-container\">\n\t\t\t\t\t\t\t<p>Die PRP Behandlung (<strong>P<\/strong>lateled <strong>R<\/strong>ich <strong>P<\/strong>lasma &#8211; auf deutsch Pl\u00e4ttchen-Reiches-Plasma) bezeichnet eine <strong>risikoarme<\/strong><br \/><strong>Methode<\/strong>, die durch Eigenblut \u2013 Plasma -Unterspritzung Ihr Haarwachstum effektiv anregt.<\/p><p>Das gewonnene Plasma enth\u00e4lt eine erh\u00f6hte Anzahl an Blutpl\u00e4ttchen, die nach der Injektion Wachstumsfaktoren<br \/>freisetzen. Ihre Zellen werden stimuliert und besch\u00e4digte Haarwurzeln repariert. Das beeindruckende Resultat:<br \/><strong>Nat\u00fcrlich dichtes Haar!<\/strong><\/p><p>Die PRP Behandlung st\u00e4rkt die Haare bei M\u00e4nnern und verleiht Ihnen <strong>nat\u00fcrlich dichtes Haar<\/strong>. Da es sich um eine <strong>Eigenbluttherapie<\/strong> handelt, besteht keinerlei Risiko und Sie m\u00fcssen keine Nebenwirkungen<br \/>bef\u00fcrchten.<\/p><p>Auch in <strong>Kombination mit einer Haartransplantation<\/strong> sorgt das Verfahren f\u00fcr gest\u00e4rkte Haarfollikel und erh\u00e4lt Ihren<br \/>Haarwuchs!<\/p>\t\t\t\t\t\t<\/div>\n\t\t\t\t<\/div>\n\t\t\t\t<\/div>\n\t\t\t\t<\/div>\n\t\t","protected":false},"excerpt":{"rendered":"<p>Saphir FUE Transplantationsmethode Die FUE-Methode (Follicular Unit Extraction) ist eine moderne, minimalinvasive Technik zur Haartransplantation, die hervorragende und nat\u00fcrliche Ergebnisse bietet. Durch die Entnahme einzelner Haarfollikel aus dem Spenderbereich am Hinterkopf und deren Einpflanzung in den Empf\u00e4ngerbereich wird Haarausfall effektiv behandelt. Vorbereitung Nach einem ausf\u00fchrlichen Beratungsgespr\u00e4ch erfolgt die pr\u00e4zise Planung und Einzeichnung des Behandlungsareals. Der [&hellip;]<\/p>\n","protected":false},"author":1,"featured_media":0,"parent":0,"menu_order":0,"comment_status":"closed","ping_status":"closed","template":"elementor_header_footer","meta":{"om_disable_all_campaigns":false,"_monsterinsights_skip_tracking":false,"_monsterinsights_sitenote_active":false,"_monsterinsights_sitenote_note":"","_monsterinsights_sitenote_category":0,"_uf_show_specific_survey":0,"_uf_disable_surveys":false,"footnotes":""},"class_list":["post-1023","page","type-page","status-publish","hentry"],"aioseo_notices":[],"_links":{"self":[{"href":"https:\/\/mynaturalhair.de\/index.php?rest_route=\/wp\/v2\/pages\/1023"}],"collection":[{"href":"https:\/\/mynaturalhair.de\/index.php?rest_route=\/wp\/v2\/pages"}],"about":[{"href":"https:\/\/mynaturalhair.de\/index.php?rest_route=\/wp\/v2\/types\/page"}],"author":[{"embeddable":true,"href":"https:\/\/mynaturalhair.de\/index.php?rest_route=\/wp\/v2\/users\/1"}],"replies":[{"embeddable":true,"href":"https:\/\/mynaturalhair.de\/index.php?rest_route=%2Fwp%2Fv2%2Fcomments&post=1023"}],"version-history":[{"count":35,"href":"https:\/\/mynaturalhair.de\/index.php?rest_route=\/wp\/v2\/pages\/1023\/revisions"}],"predecessor-version":[{"id":1229,"href":"https:\/\/mynaturalhair.de\/index.php?rest_route=\/wp\/v2\/pages\/1023\/revisions\/1229"}],"wp:attachment":[{"href":"https:\/\/mynaturalhair.de\/index.php?rest_route=%2Fwp%2Fv2%2Fmedia&parent=1023"}],"curies":[{"name":"wp","href":"https:\/\/api.w.org\/{rel}","templated":true}]}}